{"id":113472,"date":"2015-02-12T12:47:46","date_gmt":"2015-02-12T12:47:46","guid":{"rendered":"http:\/\/nosalive.com\/lisboa-camping\/"},"modified":"2024-12-06T09:49:22","modified_gmt":"2024-12-06T09:49:22","slug":"lisbon-camping","status":"publish","type":"page","link":"https:\/\/nosalive.go4it.pt\/en\/lisbon-camping\/","title":{"rendered":"LISBON CAMPING &#038; BUNGALOWS"},"content":{"rendered":"<p>[vc_row full_height=&#8221;yes&#8221; equal_height=&#8221;&#8221; font_color=&#8221;dark&#8221; background_type=&#8221;transparent&#8221; add_overlay=&#8221;yes&#8221; overlay_color=&#8221;custom&#8221; overlay_opacity=&#8221;90&#8243; border_color=&#8221;black&#8221; border_style=&#8221;solid&#8221; shift_y=&#8221;0&#8243; z_index=&#8221;0&#8243; css=&#8221;.vc_custom_1731511223378{border-right-width: 5px !important;border-left-width: 5px !important;padding-top: 6em !important;padding-bottom: 50px !important;}&#8221; overlay_custom_color=&#8221;#bad80a&#8221;][vc_column][vc_row_inner equal_height=&#8221;yes&#8221; content_placement=&#8221;top&#8221;][vc_column_inner content_placement=&#8221;top&#8221; width=&#8221;1\/2&#8243;][vc_custom_heading style=&#8221;&#8221; text=&#8221;{{page_title}}&#8221; font_size=&#8221;&#8221; text_align=&#8221;left&#8221; color=&#8221;white&#8221; font_weight=&#8221;700&#8243; tag=&#8221;h1&#8243; line_height=&#8221;1.1em&#8221;][vc_column_text inline_style=&#8221;text-align: justify!important;&#8221;]Located in Monsanto, five minutes from the Passeio Mar\u00edtimo de Alg\u00e9s, Lisboa Camping &amp; Bungalows offers an excellent alternative for the thousands of festival-goers who come to NOS Alive.<\/p>\n<p>Thanks to the success of this partnership, established in 2008, NOS Alive and Lisboa Camping allow festival-goers to stay for three to five nights to make the most of their vacation.<\/p>\n<p>Any NOS Alive\u201925 ticket holder can stay overnight at Lisboa Camping &amp; Bungalows, paying the amount per night stipulated with Lisboa Camping &amp; Bungalows, with their tent, and free daily transportation to the festival site. Access to camping is already on <span style=\"color: #0000ff;\"><a href=\"https:\/\/ticketline.sapo.pt\/evento\/nos-alive-25-acesso-lisboa-camping-88558\">sale here<\/a><\/span>.<\/p>\n<p>The Camping ticket includes transport between Lisboa Camping &amp; Bungalows and the NOS Alive venue.[\/vc_column_text][\/vc_column_inner][vc_column_inner content_placement=&#8221;default&#8221; width=&#8221;1\/2&#8243; css=&#8221;.vc_custom_1731412897405{padding-top: 20px !important;}&#8221;][wvc_image_device_slider transition=&#8221;slide&#8221; slideshow_speed=&#8221;2000&#8243; images=&#8221;103228,103276,103324&#8243; height=&#8221;50&#8243;][\/vc_column_inner][\/vc_row_inner][vc_empty_space height=&#8221;35px&#8221;][vc_row_inner gap=&#8221;25px&#8221;][vc_column_inner content_placement=&#8221;default&#8221; width=&#8221;1\/4&#8243; link=&#8221;url:https%3A%2F%2Fticketline.sapo.pt%2Fevento%2Fnos-alive-25-acesso-lisboa-camping-88558|||&#8221; css=&#8221;.vc_custom_1731709894422{padding-bottom: 25px !important;}&#8221;][vc_single_image image=&#8221;138759&#8243; img_size=&#8221;full&#8221; full_width=&#8221;1&#8243; hover_effect=&#8221;up&#8221; onclick=&#8221;custom_link&#8221; opacity=&#8221;100&#8243; animated_svg=&#8221;1&#8243; img_link_target=&#8221;_blank&#8221; link=&#8221;url:https%3A%2F%2Fticketline.sapo.pt%2Fevento%2Fnos-alive-25-acesso-lisboa-camping-88558||target:%20_blank|&#8221;][vc_column_text]<\/p>\n<p style=\"text-align: center;\"><strong>July 10th, 11th and 12th<\/strong><br \/>\n<em>check-in:<\/em> July 10th<br \/>\n<em>check-out: July<\/em> 13th until noon<br \/>\n<strong>28\u20ac<\/strong><\/p>\n<p>[\/vc_column_text][\/vc_column_inner][vc_column_inner content_placement=&#8221;default&#8221; width=&#8221;1\/4&#8243; link=&#8221;url:https%3A%2F%2Fticketline.sapo.pt%2Fevento%2Fnos-alive-25-acesso-lisboa-camping-88558|||&#8221; css=&#8221;.vc_custom_1731709901665{padding-bottom: 25px !important;}&#8221;][vc_single_image image=&#8221;138753&#8243; img_size=&#8221;full&#8221; full_width=&#8221;1&#8243; hover_effect=&#8221;up&#8221; onclick=&#8221;custom_link&#8221; opacity=&#8221;100&#8243; animated_svg=&#8221;1&#8243; img_link_target=&#8221;_blank&#8221; link=&#8221;url:https%3A%2F%2Fticketline.sapo.pt%2Fevento%2Fnos-alive-25-acesso-lisboa-camping-88558||target:%20_blank|&#8221;][vc_column_text]<\/p>\n<p style=\"text-align: center;\"><strong>July 9th, 10th, 11th and 12th<\/strong><br \/>\n<em>check-in:<\/em> July 9th<br \/>\n<em>check-out:<\/em> July 13th until noon<br \/>\n<strong>36\u20ac<\/strong><\/p>\n<p>[\/vc_column_text][\/vc_column_inner][vc_column_inner content_placement=&#8221;default&#8221; width=&#8221;1\/4&#8243; link=&#8221;url:https%3A%2F%2Fticketline.sapo.pt%2Fevento%2Fnos-alive-25-acesso-lisboa-camping-88558|||&#8221; css=&#8221;.vc_custom_1731709908370{padding-bottom: 25px !important;}&#8221;][vc_single_image image=&#8221;138772&#8243; img_size=&#8221;full&#8221; full_width=&#8221;1&#8243; hover_effect=&#8221;up&#8221; onclick=&#8221;custom_link&#8221; opacity=&#8221;100&#8243; img_link_target=&#8221;_blank&#8221; link=&#8221;url:https%3A%2F%2Fticketline.sapo.pt%2Fevento%2Fnos-alive-25-acesso-lisboa-camping-88558||target:%20_blank|&#8221;][vc_column_text]<\/p>\n<p style=\"text-align: center;\"><strong>July 10th, 11th, 12th and 13th<\/strong><br \/>\n<em>check-in:<\/em> July 10th<br \/>\n<em>check-out:<\/em> July 14th until noon<br \/>\n<strong>36\u20ac<\/strong><\/p>\n<p>[\/vc_column_text][\/vc_column_inner][vc_column_inner content_placement=&#8221;default&#8221; width=&#8221;1\/4&#8243; link=&#8221;url:https%3A%2F%2Fticketline.sapo.pt%2Fevento%2Fnos-alive-25-acesso-lisboa-camping-88558|||&#8221;][vc_single_image image=&#8221;138747&#8243; img_size=&#8221;full&#8221; full_width=&#8221;1&#8243; hover_effect=&#8221;up&#8221; onclick=&#8221;custom_link&#8221; opacity=&#8221;100&#8243; img_link_target=&#8221;_blank&#8221; link=&#8221;url:https%3A%2F%2Fticketline.sapo.pt%2Fevento%2Fnos-alive-25-acesso-lisboa-camping-88558||target:%20_blank|&#8221;][vc_column_text]<\/p>\n<p style=\"text-align: center;\"><strong>July 9th, 10th, 11th, 12th and 13th<\/strong><br \/>\n<em>check-in:<\/em> July 9th<br \/>\n<em>check-out:<\/em> July 14th until noon<br \/>\n<strong>44\u20ac<\/strong><\/p>\n<p>[\/vc_column_text][\/vc_column_inner][\/vc_row_inner][vc_empty_space height=&#8221;35px&#8221;][vc_row_inner equal_height=&#8221;yes&#8221; content_placement=&#8221;top&#8221;][vc_column_inner content_placement=&#8221;default&#8221; width=&#8221;1\/2&#8243; css=&#8221;.vc_custom_1731412939098{padding-top: 15px !important;padding-bottom: 15px !important;}&#8221;][vc_raw_html]JTNDaWZyYW1lJTIwc3JjJTNEJTIyaHR0cHMlM0ElMkYlMkZ3d3cuZ29vZ2xlLmNvbSUyRm1hcHMlMkZlbWJlZCUzRnBiJTNEJTIxMW0xNCUyMTFtOCUyMTFtMyUyMTFkMTI0NTAuOTIyNDM3NzE3NTYxJTIxMmQtOS4yMDU5NDM4JTIxM2QzOC43MjM5OTM1JTIxM20yJTIxMWkxMDI0JTIxMmk3NjglMjE0ZjEzLjElMjEzbTMlMjExbTIlMjExczB4ZDFlY2NiOTZjNzdhYThiJTI1M0EweDFlODRlOGZkMGZiYWM0YWQlMjEyc0xpc2JvYSUyQkNhbXBpbmclMjE1ZTAlMjEzbTIlMjExc2VuJTIxMnNwdCUyMTR2MTU1NzU4Njc5MDE5NSUyMTVtMiUyMTFzZW4lMjEyc3B0JTIyJTIwd2lkdGglM0QlMjI2MDAlMjIlMjBoZWlnaHQlM0QlMjI0NTAlMjIlMjBmcmFtZWJvcmRlciUzRCUyMjAlMjIlMjBzdHlsZSUzRCUyMmJvcmRlciUzQTAlMjIlMjBhbGxvd2Z1bGxzY3JlZW4lM0UlM0MlMkZpZnJhbWUlM0U=[\/vc_raw_html][\/vc_column_inner][vc_column_inner width=&#8221;1\/2&#8243;][vc_column_text]<\/p>\n<h3>USEFUL INFORMATION<\/h3>\n<ul>\n<li>Includes free transfer between the venue and the campsite (5-minute drive)<\/li>\n<li>All tickets with access to Lisboa Camping must be exchanged for a wristband at check-in.<\/li>\n<\/ul>\n<p>This agreement only includes camping with your tent. When booking bungalows or space for caravans, the camping ticket will not be suitable and direct contact should be made with <a title=\"Lisboa Camping\" href=\"http:\/\/www.lisboacamping.com\" target=\"_blank\" rel=\"noopener noreferrer\">Lisboa Camping<\/a> by telephone: <em>(+351) 217 628 200<\/em> or e-mail <a href=\"mailto:info@lisboacamping.com\" target=\"_blank\" rel=\"noopener noreferrer\">info@lisboacamping.com<\/a><\/p>\n<h3>POINTS OF SALE<\/h3>\n<p>FNAC, El Corte Ingl\u00e9s, Ag\u00eancia Abreu, Ag\u00eancia ABEP, CC Dolce Vita (Amadora, Funchal, Coimbra, Ovar, Vila Real e Porto), Centros Comercias MMM (Espa\u00e7o Guimar\u00e3es, F\u00f3rum Viseu, F\u00f3rum Coimbra, F\u00f3rum Sintra, Almada F\u00f3rum, F\u00f3rum Montijo, F\u00f3rum Algarve), Centros Comerciais Mundicenter (Centro Comercial Amoreiras, Odivelas Parque, Spacio Olivais, Arena Shopping, Galerias Campus S. Jo\u00e3o), <a href=\"https:\/\/ticketline.sapo.pt\/evento\/nos-alive25-10-11-12-julho-88387\">Ticketline.pt<\/a>\u00a0(Reservations: 1820).[\/vc_column_text][\/vc_column_inner][\/vc_row_inner][vc_empty_space height=&#8221;35px&#8221;][\/vc_column][\/vc_row]<\/p>\n","protected":false},"excerpt":{"rendered":"<p>[vc_row full_height=&#8221;yes&#8221; equal_height=&#8221;&#8221; font_color=&#8221;dark&#8221; background_type=&#8221;transparent&#8221; add_overlay=&#8221;yes&#8221; overlay_color=&#8221;custom&#8221; overlay_opacity=&#8221;90&#8243; border_color=&#8221;black&#8221; border_style=&#8221;solid&#8221; shift_y=&#8221;0&#8243; z_index=&#8221;0&#8243; css=&#8221;.vc_custom_1731511223378{border-right-width: 5px !important;border-left-width: 5px !important;padding-top: 6em !important;padding-bottom: 50px !important;}&#8221; overlay_custom_color=&#8221;#bad80a&#8221;][vc_column][vc_row_inner equal_height=&#8221;yes&#8221; content_placement=&#8221;top&#8221;][vc_column_inner content_placement=&#8221;top&#8221; width=&#8221;1\/2&#8243;][vc_custom_heading style=&#8221;&#8221; text=&#8221;{{page_title}}&#8221; font_size=&#8221;&#8221; text_align=&#8221;left&#8221; color=&#8221;white&#8221; font_weight=&#8221;700&#8243; tag=&#8221;h1&#8243; line_height=&#8221;1.1em&#8221;][vc_column_text inline_style=&#8221;text-align: justify!important;&#8221;]Located in Monsanto, five minutes from the Passeio Mar\u00edtimo de Alg\u00e9s, Lisboa Camping &amp; Bungalows offers an excellent alternative for&#8230;<\/p>\n<p><a rel=\"bookmark\" class=\"hyperbent-button-simple wvc-button wvc-button-size-xs\" href=\"https:\/\/nosalive.go4it.pt\/en\/lisbon-camping\/\"><span>Continue reading<\/span><\/a><\/p>\n","protected":false},"author":1,"featured_media":0,"parent":0,"menu_order":0,"comment_status":"closed","ping_status":"closed","template":"","meta":{"_acf_changed":false,"footnotes":""},"class_list":{"0":"post-113472","1":"page","2":"type-page","3":"status-publish","4":"hentry","5":"entry","6":"clearfix","7":"entry-grid","8":"entry-columns-default","9":"entry-page-module-layout-standard","10":"no-post-thumbnail","11":"entry-page","13":"entry-page-grid"},"acf":[],"yoast_head":"<!-- This site is optimized with the Yoast SEO plugin v27.1.1 - https:\/\/yoast.com\/product\/yoast-seo-wordpress\/ -->\n<title>NOS Alive | Lisboa Camping &amp; Bungalows<\/title>\n<meta name=\"description\" content=\"Located five minutes from the Passeio Mar\u00edtimo de Alg\u00e9s, Lisboa Camping &amp; Bungalows is an excellent alternative for festival-goers.\" \/>\n<meta name=\"robots\" content=\"noindex, follow, max-snippet:-1, max-image-preview:large, max-video-preview:-1\" \/>\n<meta property=\"og:locale\" content=\"en_US\" \/>\n<meta property=\"og:type\" content=\"article\" \/>\n<meta property=\"og:title\" content=\"NOS Alive&#039;17 - Lisbon Camping &amp; Bungalows\" \/>\n<meta property=\"og:description\" content=\"Located in Monsanto, five minutes from the Passeio Mar\u00edtimo de Alg\u00e9s, Lisboa Camping &amp; Bungalows offers an excellent alternative for the thousands of festival-goers who will be attending NOS Alive.\" \/>\n<meta property=\"og:url\" content=\"https:\/\/nosalive.go4it.pt\/en\/lisbon-camping\/\" \/>\n<meta property=\"og:site_name\" content=\"NOS Alive Festival\" \/>\n<meta property=\"article:publisher\" content=\"https:\/\/www.facebook.com\/NOSalivePortugal\" \/>\n<meta property=\"article:modified_time\" content=\"2024-12-06T09:49:22+00:00\" \/>\n<meta name=\"twitter:card\" content=\"summary_large_image\" \/>\n<meta name=\"twitter:title\" content=\"NOS Alive&#039;17 - Lisbon Camping &amp; Bungalows\" \/>\n<meta name=\"twitter:description\" content=\"Located in Monsanto, five minutes from the Passeio Mar\u00edtimo de Alg\u00e9s, Lisboa Camping &amp; Bungalows offers an excellent alternative for the thousands of festival-goers who will be attending NOS Alive.\" \/>\n<meta name=\"twitter:image\" content=\"http:\/\/nosalive.com\/wp-content\/uploads\/2015\/02\/lisboa-camping-fb-og.jpg\" \/>\n<meta name=\"twitter:site\" content=\"@nos_alive\" \/>\n<script type=\"application\/ld+json\" class=\"yoast-schema-graph\">{\"@context\":\"https:\/\/schema.org\",\"@graph\":[{\"@type\":\"WebPage\",\"@id\":\"https:\/\/nosalive.go4it.pt\/en\/lisbon-camping\/\",\"url\":\"https:\/\/nosalive.go4it.pt\/en\/lisbon-camping\/\",\"name\":\"NOS Alive | Lisboa Camping & Bungalows\",\"isPartOf\":{\"@id\":\"https:\/\/nosalive.go4it.pt\/#website\"},\"datePublished\":\"2015-02-12T12:47:46+00:00\",\"dateModified\":\"2024-12-06T09:49:22+00:00\",\"description\":\"Located five minutes from the Passeio Mar\u00edtimo de Alg\u00e9s, Lisboa Camping & Bungalows is an excellent alternative for festival-goers.\",\"breadcrumb\":{\"@id\":\"https:\/\/nosalive.go4it.pt\/en\/lisbon-camping\/#breadcrumb\"},\"inLanguage\":\"en-US\",\"potentialAction\":[{\"@type\":\"ReadAction\",\"target\":[\"https:\/\/nosalive.go4it.pt\/en\/lisbon-camping\/\"]}]},{\"@type\":\"BreadcrumbList\",\"@id\":\"https:\/\/nosalive.go4it.pt\/en\/lisbon-camping\/#breadcrumb\",\"itemListElement\":[{\"@type\":\"ListItem\",\"position\":1,\"name\":\"In\u00edcio\",\"item\":\"https:\/\/nosalive.go4it.pt\/en\/\"},{\"@type\":\"ListItem\",\"position\":2,\"name\":\"LISBON CAMPING &#038; BUNGALOWS\"}]},{\"@type\":\"WebSite\",\"@id\":\"https:\/\/nosalive.go4it.pt\/#website\",\"url\":\"https:\/\/nosalive.go4it.pt\/\",\"name\":\"NOS Alive Festival\",\"description\":\"O melhor cartaz, sempre!\",\"publisher\":{\"@id\":\"https:\/\/nosalive.go4it.pt\/#organization\"},\"potentialAction\":[{\"@type\":\"SearchAction\",\"target\":{\"@type\":\"EntryPoint\",\"urlTemplate\":\"https:\/\/nosalive.go4it.pt\/?s={search_term_string}\"},\"query-input\":{\"@type\":\"PropertyValueSpecification\",\"valueRequired\":true,\"valueName\":\"search_term_string\"}}],\"inLanguage\":\"en-US\"},{\"@type\":\"Organization\",\"@id\":\"https:\/\/nosalive.go4it.pt\/#organization\",\"name\":\"NOS Alive\",\"url\":\"https:\/\/nosalive.go4it.pt\/\",\"logo\":{\"@type\":\"ImageObject\",\"inLanguage\":\"en-US\",\"@id\":\"https:\/\/nosalive.go4it.pt\/#\/schema\/logo\/image\/\",\"url\":\"https:\/\/staging.nosalive.com\/wp-content\/uploads\/2019\/04\/NOSALIVE_Logo_2019_Black_small.png\",\"contentUrl\":\"https:\/\/staging.nosalive.com\/wp-content\/uploads\/2019\/04\/NOSALIVE_Logo_2019_Black_small.png\",\"width\":300,\"height\":297,\"caption\":\"NOS Alive\"},\"image\":{\"@id\":\"https:\/\/nosalive.go4it.pt\/#\/schema\/logo\/image\/\"},\"sameAs\":[\"https:\/\/www.facebook.com\/NOSalivePortugal\",\"https:\/\/x.com\/nos_alive\",\"https:\/\/www.instagram.com\/nos_alive\/\",\"https:\/\/www.youtube.com\/user\/optimusaliveofficial\"]}]}<\/script>\n<!-- \/ Yoast SEO plugin. -->","yoast_head_json":{"title":"NOS Alive | Lisboa Camping & Bungalows","description":"Located five minutes from the Passeio Mar\u00edtimo de Alg\u00e9s, Lisboa Camping & Bungalows is an excellent alternative for festival-goers.","robots":{"index":"noindex","follow":"follow","max-snippet":"max-snippet:-1","max-image-preview":"max-image-preview:large","max-video-preview":"max-video-preview:-1"},"og_locale":"en_US","og_type":"article","og_title":"NOS Alive'17 - Lisbon Camping & Bungalows","og_description":"Located in Monsanto, five minutes from the Passeio Mar\u00edtimo de Alg\u00e9s, Lisboa Camping & Bungalows offers an excellent alternative for the thousands of festival-goers who will be attending NOS Alive.","og_url":"https:\/\/nosalive.go4it.pt\/en\/lisbon-camping\/","og_site_name":"NOS Alive Festival","article_publisher":"https:\/\/www.facebook.com\/NOSalivePortugal","article_modified_time":"2024-12-06T09:49:22+00:00","twitter_card":"summary_large_image","twitter_title":"NOS Alive'17 - Lisbon Camping & Bungalows","twitter_description":"Located in Monsanto, five minutes from the Passeio Mar\u00edtimo de Alg\u00e9s, Lisboa Camping & Bungalows offers an excellent alternative for the thousands of festival-goers who will be attending NOS Alive.","twitter_image":"http:\/\/nosalive.com\/wp-content\/uploads\/2015\/02\/lisboa-camping-fb-og.jpg","twitter_site":"@nos_alive","schema":{"@context":"https:\/\/schema.org","@graph":[{"@type":"WebPage","@id":"https:\/\/nosalive.go4it.pt\/en\/lisbon-camping\/","url":"https:\/\/nosalive.go4it.pt\/en\/lisbon-camping\/","name":"NOS Alive | Lisboa Camping & Bungalows","isPartOf":{"@id":"https:\/\/nosalive.go4it.pt\/#website"},"datePublished":"2015-02-12T12:47:46+00:00","dateModified":"2024-12-06T09:49:22+00:00","description":"Located five minutes from the Passeio Mar\u00edtimo de Alg\u00e9s, Lisboa Camping & Bungalows is an excellent alternative for festival-goers.","breadcrumb":{"@id":"https:\/\/nosalive.go4it.pt\/en\/lisbon-camping\/#breadcrumb"},"inLanguage":"en-US","potentialAction":[{"@type":"ReadAction","target":["https:\/\/nosalive.go4it.pt\/en\/lisbon-camping\/"]}]},{"@type":"BreadcrumbList","@id":"https:\/\/nosalive.go4it.pt\/en\/lisbon-camping\/#breadcrumb","itemListElement":[{"@type":"ListItem","position":1,"name":"In\u00edcio","item":"https:\/\/nosalive.go4it.pt\/en\/"},{"@type":"ListItem","position":2,"name":"LISBON CAMPING &#038; BUNGALOWS"}]},{"@type":"WebSite","@id":"https:\/\/nosalive.go4it.pt\/#website","url":"https:\/\/nosalive.go4it.pt\/","name":"NOS Alive Festival","description":"O melhor cartaz, sempre!","publisher":{"@id":"https:\/\/nosalive.go4it.pt\/#organization"},"potentialAction":[{"@type":"SearchAction","target":{"@type":"EntryPoint","urlTemplate":"https:\/\/nosalive.go4it.pt\/?s={search_term_string}"},"query-input":{"@type":"PropertyValueSpecification","valueRequired":true,"valueName":"search_term_string"}}],"inLanguage":"en-US"},{"@type":"Organization","@id":"https:\/\/nosalive.go4it.pt\/#organization","name":"NOS Alive","url":"https:\/\/nosalive.go4it.pt\/","logo":{"@type":"ImageObject","inLanguage":"en-US","@id":"https:\/\/nosalive.go4it.pt\/#\/schema\/logo\/image\/","url":"https:\/\/staging.nosalive.com\/wp-content\/uploads\/2019\/04\/NOSALIVE_Logo_2019_Black_small.png","contentUrl":"https:\/\/staging.nosalive.com\/wp-content\/uploads\/2019\/04\/NOSALIVE_Logo_2019_Black_small.png","width":300,"height":297,"caption":"NOS Alive"},"image":{"@id":"https:\/\/nosalive.go4it.pt\/#\/schema\/logo\/image\/"},"sameAs":["https:\/\/www.facebook.com\/NOSalivePortugal","https:\/\/x.com\/nos_alive","https:\/\/www.instagram.com\/nos_alive\/","https:\/\/www.youtube.com\/user\/optimusaliveofficial"]}]}},"_links":{"self":[{"href":"https:\/\/nosalive.go4it.pt\/en\/wp-json\/wp\/v2\/pages\/113472","targetHints":{"allow":["GET"]}}],"collection":[{"href":"https:\/\/nosalive.go4it.pt\/en\/wp-json\/wp\/v2\/pages"}],"about":[{"href":"https:\/\/nosalive.go4it.pt\/en\/wp-json\/wp\/v2\/types\/page"}],"author":[{"embeddable":true,"href":"https:\/\/nosalive.go4it.pt\/en\/wp-json\/wp\/v2\/users\/1"}],"replies":[{"embeddable":true,"href":"https:\/\/nosalive.go4it.pt\/en\/wp-json\/wp\/v2\/comments?post=113472"}],"version-history":[{"count":23,"href":"https:\/\/nosalive.go4it.pt\/en\/wp-json\/wp\/v2\/pages\/113472\/revisions"}],"predecessor-version":[{"id":139660,"href":"https:\/\/nosalive.go4it.pt\/en\/wp-json\/wp\/v2\/pages\/113472\/revisions\/139660"}],"wp:attachment":[{"href":"https:\/\/nosalive.go4it.pt\/en\/wp-json\/wp\/v2\/media?parent=113472"}],"curies":[{"name":"wp","href":"https:\/\/api.w.org\/{rel}","templated":true}]}}