{"id":113466,"date":"2019-03-28T18:04:03","date_gmt":"2019-03-28T18:04:03","guid":{"rendered":"http:\/\/nosalive.com\/nos-alive-hotel-experiences\/"},"modified":"2019-05-09T14:13:37","modified_gmt":"2019-05-09T14:13:37","slug":"nos-alive-hotel-experiences","status":"publish","type":"page","link":"https:\/\/nosalive.go4it.pt\/en\/nos-alive-hotel-experiences\/","title":{"rendered":"HOTEL + EXPERIENCES"},"content":{"rendered":"<p>[vc_row equal_height=&#8221;&#8221; background_type=&#8221;image&#8221; background_img=&#8221;112783&#8243; background_effect=&#8221;zoomin&#8221; background_img_lazyload=&#8221;1&#8243; add_overlay=&#8221;yes&#8221; overlay_opacity=&#8221;50&#8243; add_bottom_shape_divider=&#8221;yes&#8221; sd_bottom_type=&#8221;default&#8221; sd_bottom_shape=&#8221;grunge_border1&#8243; sd_bottom_color=&#8221;black&#8221; sd_bottom_opacity=&#8221;100&#8243; sd_bottom_zindex=&#8221;0&#8243; shift_y=&#8221;0&#8243; z_index=&#8221;0&#8243;][vc_column][vc_single_image image=&#8221;112090&#8243; img_size=&#8221;full&#8221; full_width=&#8221;&#8221; opacity=&#8221;100&#8243; animated_svg=&#8221;&#8221; css=&#8221;.vc_custom_1553798967402{padding-top: 35px !important;padding-bottom: 35px !important;}&#8221;][\/vc_column][\/vc_row][vc_row content_width=&#8221;large&#8221; equal_height=&#8221;&#8221; shift_y=&#8221;0&#8243; z_index=&#8221;0&#8243; css=&#8221;.vc_custom_1553965440699{margin-top: 0px !important;margin-bottom: 0px !important;}&#8221;][vc_column width=&#8221;1\/6&#8243;][\/vc_column][vc_column width=&#8221;2\/3&#8243;][vc_column_text]<\/p>\n<h4><strong>NOTAS IMPORTANTES GERAIS<\/strong><br \/>\n<strong>Por favor, LEIA COM ATEN\u00c7\u00c3O toda a informa\u00e7\u00e3o relacionada a cada pack<\/strong><\/h4>\n<p><strong>Notas Importantes:<\/strong><\/p>\n<ul>\n<li>O nome e contactos registados no momento da venda dever\u00e3o corresponder a um dos clientes que ir\u00e1 usufruir do pack (acesso ao festival e estadia no hotel);<\/li>\n<li>Aquando do check-in no hotel ser\u00e1 necess\u00e1ria a apresenta\u00e7\u00e3o de documento de identifica\u00e7\u00e3o legal e v\u00e1lido;<\/li>\n<li>No contacto com o cliente ser\u00e1 privilegiada a utiliza\u00e7\u00e3o do e-mail;<\/li>\n<li>Os packs s\u00e3o para 2 pessoas (caso mencionado em contr\u00e1rio), incluem estadia em quarto duplo (n\u00famero de noites descrito em cada pack) e 2 passes de 3 dias do festival;<\/li>\n<li>Obrigat\u00f3ria a troca dos passes de 3 dias por pulseira no recinto do festival (11 de julho);<\/li>\n<li>O pre\u00e7o do pack inclui:\n<ul>\n<li>V.A Regime Especial Ag\u00eancias de Viagem &#8211; Dec. Lei n\u00ba221\/85<\/li>\n<li>Taxa Tur\u00edstica Municipal<\/li>\n<\/ul>\n<\/li>\n<\/ul>\n<p>[\/vc_column_text][\/vc_column][vc_column width=&#8221;1\/6&#8243;][\/vc_column][\/vc_row][vc_row content_width=&#8221;full&#8221; columns_placement=&#8221;middle&#8221; equal_height=&#8221;&#8221; content_placement=&#8221;middle&#8221; background_type=&#8221;image&#8221; background_img=&#8221;112771&#8243; background_effect=&#8221;zoomin&#8221; background_img_lazyload=&#8221;1&#8243; add_overlay=&#8221;yes&#8221; overlay_opacity=&#8221;50&#8243; add_bottom_shape_divider=&#8221;yes&#8221; sd_bottom_type=&#8221;default&#8221; sd_bottom_color=&#8221;black&#8221; sd_bottom_opacity=&#8221;100&#8243; sd_bottom_ratio=&#8221;no&#8221; sd_bottom_zindex=&#8221;0&#8243; shift_y=&#8221;0&#8243; z_index=&#8221;0&#8243; css=&#8221;.vc_custom_1553800682164{padding-top: 50px !important;padding-bottom: 50px !important;}&#8221; row_name=&#8221;streetart&#8221;][vc_column][vc_single_image image=&#8221;112050&#8243; img_size=&#8221;full&#8221; full_width=&#8221;&#8221; opacity=&#8221;100&#8243; animated_svg=&#8221;&#8221;][vc_wp_text]<\/p>\n<h1 style=\"text-align: center;\">Pack Hotel + Passe 3 Dias <span style=\"color: #ffd100!important;\">+ STREET ART TOUR<\/span><\/h1>\n<p>[\/vc_wp_text][\/vc_column][\/vc_row][vc_row equal_height=&#8221;&#8221; shift_y=&#8221;0&#8243; z_index=&#8221;0&#8243; css=&#8221;.vc_custom_1553799756654{margin-bottom: 0px !important;padding-bottom: 0px !important;}&#8221;][vc_column text_alignment=&#8221;center&#8221; shift_x=&#8221;0&#8243; shift_y=&#8221;0&#8243; z_index=&#8221;0&#8243;][vc_column_text]<\/p>\n<h1><span style=\"color: #ffd100!important;\">STREET ART TOUR<\/span>\u00a0+ Passe 3 dias + ALTIS BEL\u00c9M 5*<\/h1>\n<h3>(2 pax \/ 3 noites \/ STREET ART)<br \/>\nEste pacote\u00a0inclui:<\/h3>\n<h3>HOTEL<\/h3>\n<p>&#8211; 2 passes de 3 dias do festival (11, 12 e 13 de julho 2019)<br \/>\n&#8211; 3 noites em quarto duplo com pequeno-almo\u00e7o no Hotel Altis Bel\u00e9m<br \/>\n<em>check-in<\/em> a 11 de julho a partir das 15h00<br \/>\n<em>check-out<\/em> a 14 de julho at\u00e9 \u00e0s 12h00<\/p>\n<p><strong>Informa\u00e7\u00f5es Hotel:<\/strong><br \/>\n<a href=\"https:\/\/www.altishotels.com\/PT\/HotelAltisBelem\/\" target=\"_blank\" rel=\"noopener noreferrer\">https:\/\/www.altishotels.com\/PT\/HotelAltisBelem\/<\/a><\/p>\n<h3>STREET ART TOUR EXPERIENCE<\/h3>\n<p>&#8211; 1 STREET ART TOUR experi\u00eancia para 2 pessoas *<br \/>\n&#8211; 3h30m de tour por Lisboa *<br \/>\n&#8211; Guia privado *<\/p>\n<p><strong>*<\/strong> Todos os detalhes e informa\u00e7\u00f5es da experi\u00eancia Street Art Tour:<br \/>\n<a href=\"https:\/\/thestreetbuddha.com\/tour\/nos-alive-street-art-tour\/\" target=\"_blank\" rel=\"noopener noreferrer\">https:\/\/thestreetbuddha.com\/tour\/nos-alive-street-art-tour\/<\/a>[\/vc_column_text][\/vc_column][\/vc_row][vc_row equal_height=&#8221;&#8221; shift_y=&#8221;0&#8243; z_index=&#8221;0&#8243;][vc_column][vc_button title=&#8221;COMPRAR PACK NOS ALIVE + HOTEL + EXPERIENCE&#8221; shape=&#8221;standard-outline&#8221; size=&#8221;lg&#8221; hover_effect=&#8221;fill-vertical&#8221; i_type=&#8221;fontawesome&#8221; i_icon_fontawesome=&#8221;fa fa-ticket&#8221; font_weight=&#8221;700&#8243; button_block=&#8221;true&#8221; add_icon=&#8221;true&#8221; i_hover=&#8221;true&#8221; link=&#8221;url:https%3A%2F%2Fticketline.sapo.pt%2Fevento%2Fnos-alive-19-pack-hotel-street-art-passe-40440||target:%20_blank|&#8221;][\/vc_column][\/vc_row][vc_row content_width=&#8221;full&#8221; columns_placement=&#8221;middle&#8221; equal_height=&#8221;&#8221; content_placement=&#8221;middle&#8221; background_type=&#8221;image&#8221; background_img=&#8221;112775&#8243; background_effect=&#8221;zoomin&#8221; background_img_lazyload=&#8221;1&#8243; add_bottom_shape_divider=&#8221;yes&#8221; sd_bottom_type=&#8221;default&#8221; sd_bottom_color=&#8221;black&#8221; sd_bottom_opacity=&#8221;100&#8243; sd_bottom_ratio=&#8221;no&#8221; sd_bottom_zindex=&#8221;0&#8243; shift_y=&#8221;0&#8243; z_index=&#8221;0&#8243; css=&#8221;.vc_custom_1553799393775{padding-top: 50px !important;padding-bottom: 50px !important;}&#8221; row_name=&#8221;surf&#8221;][vc_column][vc_single_image image=&#8221;112046&#8243; img_size=&#8221;full&#8221; full_width=&#8221;&#8221; opacity=&#8221;100&#8243; animated_svg=&#8221;&#8221;][vc_wp_text]<\/p>\n<h1 style=\"text-align: center;\">Pack Hotel + Passe 3 Dias <span style=\"color: #ffd100!important;\">+ SURF<\/span><\/h1>\n<p>[\/vc_wp_text][\/vc_column][\/vc_row][vc_row equal_height=&#8221;&#8221; shift_y=&#8221;0&#8243; z_index=&#8221;0&#8243; css=&#8221;.vc_custom_1553799756654{margin-bottom: 0px !important;padding-bottom: 0px !important;}&#8221;][vc_column width=&#8221;1\/2&#8243;][vc_column_text]<\/p>\n<h1><span style=\"color: #ffd100!important;\">SURF<\/span> + Passe 3 dias + AMAZ\u00d3NIA JAMOR 4*<\/h1>\n<h3>(2 pax \/ 3 noites \/ SURF)<br \/>\nEste pacote\u00a0inclui:<\/h3>\n<h3>HOTEL<\/h3>\n<p>&#8211; 2 passes de 3 dias do festival (11, 12 e 13 de julho 2019)<br \/>\n&#8211; 3 noites em quarto duplo com pequeno-almo\u00e7o no Hotel Amaz\u00f3nia Jamor<br \/>\n<em>check-in<\/em> a 11 de julho a partir das 15h00<br \/>\n<em>check-out<\/em> a 14 de julho at\u00e9 \u00e0s 12h00<\/p>\n<p><strong>Informa\u00e7\u00f5es Hotel:<\/strong><br \/>\n<a href=\"http:\/\/www.amazoniahoteis.com\/jamor\" target=\"_blank\" rel=\"noopener noreferrer\">www.amazoniahoteis.com\/jamor<\/a><\/p>\n<h3>SURF EXPERIENCE<\/h3>\n<p>&#8211; 1 Experi\u00eancia de SURF para 2 pessoas com transfer de\/para ponto de encontro *<br \/>\n&#8211; Aluguer de equipamento de surf e seguro *<br \/>\n&#8211; Sess\u00e3o de surf &#8211; manh\u00e3 ou \u00e0 tarde sujeito a disponibilidade *<\/p>\n<p><strong>*<\/strong>Todos os detalhes e informa\u00e7\u00f5es da experi\u00eancia Surf:<br \/>\n<a href=\"https:\/\/www.surfbus.pt\/en\/nosalivesurfexperience\" target=\"_blank\" rel=\"noopener noreferrer\">https:\/\/www.surfbus.pt\/en\/nosalivesurfexperience<\/a>[\/vc_column_text][\/vc_column][vc_column width=&#8221;1\/2&#8243;][vc_column_text]<\/p>\n<h1><span style=\"color: #ffd100!important;\">SURF<\/span> + Passe 3 dias + UPON LISBON 4*<\/h1>\n<h3>(2 pax \/ 4 noites \/ SURF)<br \/>\nEste pacote\u00a0inclui:<\/h3>\n<h3>HOTEL<\/h3>\n<p>&#8211; 2 passes de 3 dias do festival (11, 12 e 13 de julho 2019)<br \/>\n&#8211; 4 noites em apartamento T1 com pequeno-almo\u00e7o no Upon Lisbon 4*<br \/>\n<em>check-in<\/em> 10 de julho a partir das 15h00<br \/>\n<em>check-out<\/em> a 14 de julho at\u00e9 \u00e0s 12h00<\/p>\n<p><strong>Informa\u00e7\u00f5es Hotel:<\/strong><br \/>\n<a href=\" https:\/\/uponlisbon.com\" target=\"_blank\" rel=\"noopener noreferrer\">https:\/\/uponlisbon.com<\/a><\/p>\n<h3>SURF EXPERIENCE<\/h3>\n<p>&#8211; 1 Experi\u00eancia de SURF para 2 pessoas com transfer de\/para ponto de encontro *<br \/>\n&#8211; Aluguer de equipamento de surf e seguro *<br \/>\n&#8211; Sess\u00e3o de surf &#8211; manh\u00e3 ou \u00e0 tarde sujeito a disponibilidade*<\/p>\n<p><strong>*<\/strong>Todos os detalhes e informa\u00e7\u00f5es da experi\u00eancia Surf:<br \/>\n<a href=\"https:\/\/www.surfbus.pt\/en\/nosalivesurfexperience\" target=\"_blank\" rel=\"noopener noreferrer\">https:\/\/www.surfbus.pt\/en\/nosalivesurfexperience<\/a>[\/vc_column_text][\/vc_column][\/vc_row][vc_row equal_height=&#8221;&#8221; shift_y=&#8221;0&#8243; z_index=&#8221;0&#8243;][vc_column][vc_button title=&#8221;COMPRAR PACK NOS ALIVE + HOTEL + EXPERIENCE&#8221; shape=&#8221;standard-outline&#8221; size=&#8221;lg&#8221; hover_effect=&#8221;fill-vertical&#8221; i_type=&#8221;fontawesome&#8221; i_icon_fontawesome=&#8221;fa fa-ticket&#8221; font_weight=&#8221;700&#8243; button_block=&#8221;true&#8221; add_icon=&#8221;true&#8221; i_hover=&#8221;true&#8221; link=&#8221;url:https%3A%2F%2Fticketline.sapo.pt%2Fevento%2Fnos-alive19-pack-hotel-experiencias-40434||target:%20_blank|&#8221;][\/vc_column][\/vc_row][vc_row content_width=&#8221;full&#8221; columns_placement=&#8221;middle&#8221; equal_height=&#8221;&#8221; content_placement=&#8221;middle&#8221; background_type=&#8221;image&#8221; background_img=&#8221;112124&#8243; background_effect=&#8221;zoomin&#8221; background_img_lazyload=&#8221;1&#8243; add_overlay=&#8221;yes&#8221; overlay_opacity=&#8221;50&#8243; add_bottom_shape_divider=&#8221;yes&#8221; sd_bottom_type=&#8221;default&#8221; sd_bottom_color=&#8221;black&#8221; sd_bottom_opacity=&#8221;100&#8243; sd_bottom_ratio=&#8221;no&#8221; sd_bottom_zindex=&#8221;0&#8243; shift_y=&#8221;0&#8243; z_index=&#8221;0&#8243; css=&#8221;.vc_custom_1553801105476{padding-top: 50px !important;padding-bottom: 50px !important;}&#8221; row_name=&#8221;tasting&#8221;][vc_column][vc_single_image image=&#8221;112042&#8243; img_size=&#8221;full&#8221; full_width=&#8221;&#8221; opacity=&#8221;100&#8243; animated_svg=&#8221;&#8221;][vc_wp_text]<\/p>\n<h1 style=\"text-align: center;\">Pack Hotel + Passe 3 Dias <span style=\"color: #ffd100!important;\">+ TASTING TOUR<\/span><\/h1>\n<p>[\/vc_wp_text][\/vc_column][\/vc_row][vc_row equal_height=&#8221;&#8221; hide_class=&#8221;wvc-hide&#8221; shift_y=&#8221;0&#8243; z_index=&#8221;0&#8243; css=&#8221;.vc_custom_1557411109761{margin-bottom: 0px !important;padding-bottom: 0px !important;}&#8221;][vc_column text_alignment=&#8221;center&#8221; shift_x=&#8221;0&#8243; shift_y=&#8221;0&#8243; z_index=&#8221;0&#8243;][vc_column_text]<\/p>\n<h1><span style=\"color: #ffd100!important;\">TASTING TOUR<\/span>\u00a0+ Passe 3 dias + ALTIS BEL\u00c9M 5*<\/h1>\n<h3>(2 pax \/ 4 noites \/ TASTING TOUR)<br \/>\nEste pacote\u00a0inclui:<\/h3>\n<h3>HOTEL<\/h3>\n<p>&#8211; 2 passes de 3 dias do festival (11, 12 e 13 de julho 2019)<br \/>\n&#8211; 4 noites em quarto duplo com pequeno-almo\u00e7o no Hotel Altis Bel\u00e9m<br \/>\n<em>check-in<\/em> a 10 de julho a partir das 15h00<br \/>\n<em>check-out<\/em> a 14 de julho at\u00e9 \u00e0s 12h00<\/p>\n<p><strong>Informa\u00e7\u00f5es Hotel:<\/strong><br \/>\n<a href=\"https:\/\/www.altishotels.com\/PT\/HotelAltisBelem\/\" target=\"_blank\" rel=\"noopener noreferrer\">https:\/\/www.altishotels.com\/PT\/HotelAltisBelem\/<\/a><\/p>\n<h3>TASTING TOUR EXPERIENCE<\/h3>\n<p>&#8211; 1 TASTING TOUR experi\u00eancia para 2 pessoas *<br \/>\n&#8211; 3h30m de tour por Lisboa *<br \/>\n&#8211; Guia privado *<\/p>\n<p><strong>*<\/strong> Todos os detalhes e informa\u00e7\u00f5es da experi\u00eancia Tasting Tour:<br \/>\n<a href=\"https:\/\/www.tasteoflisboa.com\/eng\/NOSAliveFoodandampCulturalWalk\/t\/172\" target=\"_blank\" rel=\"noopener noreferrer\">https:\/\/www.tasteoflisboa.com\/eng\/NOSAliveFoodandampCulturalWalk\/t\/172<\/a>[\/vc_column_text][\/vc_column][\/vc_row][vc_row equal_height=&#8221;&#8221; shift_y=&#8221;0&#8243; z_index=&#8221;0&#8243; css=&#8221;.vc_custom_1553799756654{margin-bottom: 0px !important;padding-bottom: 0px !important;}&#8221;][vc_column text_alignment=&#8221;center&#8221; shift_x=&#8221;0&#8243; shift_y=&#8221;0&#8243; z_index=&#8221;0&#8243;][vc_column_text css=&#8221;.vc_custom_1557411205208{margin-right: 50px !important;}&#8221;]<\/p>\n<h1><span style=\"color: #ffd100!important;\">TASTING TOUR<\/span>\u00a0+ Passe 3 dias + ALTIS BEL\u00c9M 5*<\/h1>\n<h3>(2 pax \/ 4 noites \/ TASTING TOUR)<br \/>\nEste pacote\u00a0inclui:<\/h3>\n<h3>HOTEL<\/h3>\n<p>&#8211; 2 passes de 3 dias do festival (11, 12 e 13 de julho 2019)<br \/>\n&#8211; 4 noites em quarto duplo com pequeno-almo\u00e7o no Hotel Altis Bel\u00e9m<br \/>\n<em>check-in<\/em> a 10 de julho a partir das 15h00<br \/>\n<em>check-out<\/em> a 14 de julho at\u00e9 \u00e0s 12h00<\/p>\n<p><strong>Informa\u00e7\u00f5es Hotel:<\/strong><br \/>\n<a href=\"https:\/\/www.altishotels.com\/PT\/HotelAltisBelem\/\" target=\"_blank\" rel=\"noopener noreferrer\">https:\/\/www.altishotels.com\/PT\/HotelAltisBelem\/<\/a><\/p>\n<h3>TASTING TOUR EXPERIENCE<\/h3>\n<p>&#8211; 1 TASTING TOUR experi\u00eancia para 2 pessoas *<br \/>\n&#8211; 3h30m de tour por Lisboa *<br \/>\n&#8211; Guia privado *<\/p>\n<p><strong>*<\/strong> Todos os detalhes e informa\u00e7\u00f5es da experi\u00eancia Tasting Tour:<br \/>\n<a href=\"https:\/\/www.tasteoflisboa.com\/eng\/NOSAliveFoodandampCulturalWalk\/t\/172\" target=\"_blank\" rel=\"noopener noreferrer\">https:\/\/www.tasteoflisboa.com\/eng\/NOSAliveFoodandampCulturalWalk\/t\/172<\/a>[\/vc_column_text][\/vc_column][\/vc_row][vc_row column_type=&#8221;block&#8221; shift_y=&#8221;0&#8243; z_index=&#8221;0&#8243;][vc_column][vc_button title=&#8221;COMPRAR PACK NOS ALIVE + HOTEL + EXPERIENCE&#8221; shape=&#8221;standard-outline&#8221; size=&#8221;lg&#8221; hover_effect=&#8221;fill-vertical&#8221; i_type=&#8221;fontawesome&#8221; i_icon_fontawesome=&#8221;fa fa-ticket&#8221; font_weight=&#8221;700&#8243; button_block=&#8221;true&#8221; add_icon=&#8221;true&#8221; i_hover=&#8221;true&#8221; link=&#8221;url:https%3A%2F%2Fticketline.sapo.pt%2Fevento%2Fnos-alive19-pack-hotel-experiencias-40434||target:%20_blank|&#8221;][\/vc_column][\/vc_row]<\/p>\n","protected":false},"excerpt":{"rendered":"<p>[vc_row equal_height=&#8221;&#8221; background_type=&#8221;image&#8221; background_img=&#8221;112783&#8243; background_effect=&#8221;zoomin&#8221; background_img_lazyload=&#8221;1&#8243; add_overlay=&#8221;yes&#8221; overlay_opacity=&#8221;50&#8243; add_bottom_shape_divider=&#8221;yes&#8221; sd_bottom_type=&#8221;default&#8221; sd_bottom_shape=&#8221;grunge_border1&#8243; sd_bottom_color=&#8221;black&#8221; sd_bottom_opacity=&#8221;100&#8243; sd_bottom_zindex=&#8221;0&#8243; shift_y=&#8221;0&#8243; z_index=&#8221;0&#8243;][vc_column][vc_single_image image=&#8221;112090&#8243; img_size=&#8221;full&#8221; full_width=&#8221;&#8221; opacity=&#8221;100&#8243; animated_svg=&#8221;&#8221; css=&#8221;.vc_custom_1553798967402{padding-top: 35px !important;padding-bottom: 35px !important;}&#8221;][\/vc_column][\/vc_row][vc_row content_width=&#8221;large&#8221; equal_height=&#8221;&#8221; shift_y=&#8221;0&#8243; z_index=&#8221;0&#8243; css=&#8221;.vc_custom_1553965440699{margin-top: 0px !important;margin-bottom: 0px !important;}&#8221;][vc_column width=&#8221;1\/6&#8243;][\/vc_column][vc_column width=&#8221;2\/3&#8243;][vc_column_text] NOTAS IMPORTANTES GERAIS Por favor, LEIA COM ATEN\u00c7\u00c3O toda a informa\u00e7\u00e3o relacionada a cada pack Notas Importantes: O&#8230;<\/p>\n<p><a rel=\"bookmark\" class=\"hyperbent-button-simple wvc-button wvc-button-size-xs\" href=\"https:\/\/nosalive.go4it.pt\/en\/nos-alive-hotel-experiences\/\"><span>Continue reading<\/span><\/a><\/p>\n","protected":false},"author":1,"featured_media":0,"parent":0,"menu_order":0,"comment_status":"closed","ping_status":"closed","template":"","meta":{"_acf_changed":false,"footnotes":""},"class_list":{"0":"post-113466","1":"page","2":"type-page","3":"status-publish","4":"hentry","5":"entry","6":"clearfix","7":"entry-grid","8":"entry-columns-default","9":"entry-page-module-layout-standard","10":"no-post-thumbnail","11":"entry-page","13":"entry-page-grid"},"acf":[],"yoast_head":"<!-- This site is optimized with the Yoast SEO plugin v27.1.1 - https:\/\/yoast.com\/product\/yoast-seo-wordpress\/ -->\n<title>NOS Alive | Pack Passe 3 dias do Festival + Hotel + Experience<\/title>\n<meta name=\"description\" content=\"Packs para assistir aos 3 dias do Festival NOS Alive, com alojamento e ainda poderes desfrutar de uma experi\u00eancia turistica \u00e0 tua escolha na zona de Lisboa.\" \/>\n<meta name=\"robots\" content=\"noindex, follow, max-snippet:-1, max-image-preview:large, max-video-preview:-1\" \/>\n<meta property=\"og:locale\" content=\"en_US\" \/>\n<meta property=\"og:type\" content=\"article\" \/>\n<meta property=\"og:title\" content=\"NOS Alive | Pack Passe 3 dias do Festival + Hotel + Experience\" \/>\n<meta property=\"og:description\" content=\"Packs para assistir aos 3 dias do Festival NOS Alive, com alojamento e ainda poderes desfrutar de uma experi\u00eancia turistica \u00e0 tua escolha na zona de Lisboa.\" \/>\n<meta property=\"og:url\" content=\"https:\/\/nosalive.go4it.pt\/en\/nos-alive-hotel-experiences\/\" \/>\n<meta property=\"og:site_name\" content=\"NOS Alive Festival\" \/>\n<meta property=\"article:publisher\" content=\"https:\/\/www.facebook.com\/NOSalivePortugal\" \/>\n<meta property=\"article:modified_time\" content=\"2019-05-09T14:13:37+00:00\" \/>\n<meta name=\"twitter:card\" content=\"summary_large_image\" \/>\n<meta name=\"twitter:site\" content=\"@nos_alive\" \/>\n<script type=\"application\/ld+json\" class=\"yoast-schema-graph\">{\"@context\":\"https:\/\/schema.org\",\"@graph\":[{\"@type\":\"WebPage\",\"@id\":\"https:\/\/nosalive.go4it.pt\/en\/nos-alive-hotel-experiences\/\",\"url\":\"https:\/\/nosalive.go4it.pt\/en\/nos-alive-hotel-experiences\/\",\"name\":\"NOS Alive | Pack Passe 3 dias do Festival + Hotel + Experience\",\"isPartOf\":{\"@id\":\"https:\/\/nosalive.go4it.pt\/#website\"},\"datePublished\":\"2019-03-28T18:04:03+00:00\",\"dateModified\":\"2019-05-09T14:13:37+00:00\",\"description\":\"Packs para assistir aos 3 dias do Festival NOS Alive, com alojamento e ainda poderes desfrutar de uma experi\u00eancia turistica \u00e0 tua escolha na zona de Lisboa.\",\"breadcrumb\":{\"@id\":\"https:\/\/nosalive.go4it.pt\/en\/nos-alive-hotel-experiences\/#breadcrumb\"},\"inLanguage\":\"en-US\",\"potentialAction\":[{\"@type\":\"ReadAction\",\"target\":[\"https:\/\/nosalive.go4it.pt\/en\/nos-alive-hotel-experiences\/\"]}]},{\"@type\":\"BreadcrumbList\",\"@id\":\"https:\/\/nosalive.go4it.pt\/en\/nos-alive-hotel-experiences\/#breadcrumb\",\"itemListElement\":[{\"@type\":\"ListItem\",\"position\":1,\"name\":\"In\u00edcio\",\"item\":\"https:\/\/nosalive.go4it.pt\/en\/\"},{\"@type\":\"ListItem\",\"position\":2,\"name\":\"HOTEL + EXPERIENCES\"}]},{\"@type\":\"WebSite\",\"@id\":\"https:\/\/nosalive.go4it.pt\/#website\",\"url\":\"https:\/\/nosalive.go4it.pt\/\",\"name\":\"NOS Alive Festival\",\"description\":\"O melhor cartaz, sempre!\",\"publisher\":{\"@id\":\"https:\/\/nosalive.go4it.pt\/#organization\"},\"potentialAction\":[{\"@type\":\"SearchAction\",\"target\":{\"@type\":\"EntryPoint\",\"urlTemplate\":\"https:\/\/nosalive.go4it.pt\/?s={search_term_string}\"},\"query-input\":{\"@type\":\"PropertyValueSpecification\",\"valueRequired\":true,\"valueName\":\"search_term_string\"}}],\"inLanguage\":\"en-US\"},{\"@type\":\"Organization\",\"@id\":\"https:\/\/nosalive.go4it.pt\/#organization\",\"name\":\"NOS Alive\",\"url\":\"https:\/\/nosalive.go4it.pt\/\",\"logo\":{\"@type\":\"ImageObject\",\"inLanguage\":\"en-US\",\"@id\":\"https:\/\/nosalive.go4it.pt\/#\/schema\/logo\/image\/\",\"url\":\"https:\/\/staging.nosalive.com\/wp-content\/uploads\/2019\/04\/NOSALIVE_Logo_2019_Black_small.png\",\"contentUrl\":\"https:\/\/staging.nosalive.com\/wp-content\/uploads\/2019\/04\/NOSALIVE_Logo_2019_Black_small.png\",\"width\":300,\"height\":297,\"caption\":\"NOS Alive\"},\"image\":{\"@id\":\"https:\/\/nosalive.go4it.pt\/#\/schema\/logo\/image\/\"},\"sameAs\":[\"https:\/\/www.facebook.com\/NOSalivePortugal\",\"https:\/\/x.com\/nos_alive\",\"https:\/\/www.instagram.com\/nos_alive\/\",\"https:\/\/www.youtube.com\/user\/optimusaliveofficial\"]}]}<\/script>\n<!-- \/ Yoast SEO plugin. -->","yoast_head_json":{"title":"NOS Alive | Pack Passe 3 dias do Festival + Hotel + Experience","description":"Packs para assistir aos 3 dias do Festival NOS Alive, com alojamento e ainda poderes desfrutar de uma experi\u00eancia turistica \u00e0 tua escolha na zona de Lisboa.","robots":{"index":"noindex","follow":"follow","max-snippet":"max-snippet:-1","max-image-preview":"max-image-preview:large","max-video-preview":"max-video-preview:-1"},"og_locale":"en_US","og_type":"article","og_title":"NOS Alive | Pack Passe 3 dias do Festival + Hotel + Experience","og_description":"Packs para assistir aos 3 dias do Festival NOS Alive, com alojamento e ainda poderes desfrutar de uma experi\u00eancia turistica \u00e0 tua escolha na zona de Lisboa.","og_url":"https:\/\/nosalive.go4it.pt\/en\/nos-alive-hotel-experiences\/","og_site_name":"NOS Alive Festival","article_publisher":"https:\/\/www.facebook.com\/NOSalivePortugal","article_modified_time":"2019-05-09T14:13:37+00:00","twitter_card":"summary_large_image","twitter_site":"@nos_alive","schema":{"@context":"https:\/\/schema.org","@graph":[{"@type":"WebPage","@id":"https:\/\/nosalive.go4it.pt\/en\/nos-alive-hotel-experiences\/","url":"https:\/\/nosalive.go4it.pt\/en\/nos-alive-hotel-experiences\/","name":"NOS Alive | Pack Passe 3 dias do Festival + Hotel + Experience","isPartOf":{"@id":"https:\/\/nosalive.go4it.pt\/#website"},"datePublished":"2019-03-28T18:04:03+00:00","dateModified":"2019-05-09T14:13:37+00:00","description":"Packs para assistir aos 3 dias do Festival NOS Alive, com alojamento e ainda poderes desfrutar de uma experi\u00eancia turistica \u00e0 tua escolha na zona de Lisboa.","breadcrumb":{"@id":"https:\/\/nosalive.go4it.pt\/en\/nos-alive-hotel-experiences\/#breadcrumb"},"inLanguage":"en-US","potentialAction":[{"@type":"ReadAction","target":["https:\/\/nosalive.go4it.pt\/en\/nos-alive-hotel-experiences\/"]}]},{"@type":"BreadcrumbList","@id":"https:\/\/nosalive.go4it.pt\/en\/nos-alive-hotel-experiences\/#breadcrumb","itemListElement":[{"@type":"ListItem","position":1,"name":"In\u00edcio","item":"https:\/\/nosalive.go4it.pt\/en\/"},{"@type":"ListItem","position":2,"name":"HOTEL + EXPERIENCES"}]},{"@type":"WebSite","@id":"https:\/\/nosalive.go4it.pt\/#website","url":"https:\/\/nosalive.go4it.pt\/","name":"NOS Alive Festival","description":"O melhor cartaz, sempre!","publisher":{"@id":"https:\/\/nosalive.go4it.pt\/#organization"},"potentialAction":[{"@type":"SearchAction","target":{"@type":"EntryPoint","urlTemplate":"https:\/\/nosalive.go4it.pt\/?s={search_term_string}"},"query-input":{"@type":"PropertyValueSpecification","valueRequired":true,"valueName":"search_term_string"}}],"inLanguage":"en-US"},{"@type":"Organization","@id":"https:\/\/nosalive.go4it.pt\/#organization","name":"NOS Alive","url":"https:\/\/nosalive.go4it.pt\/","logo":{"@type":"ImageObject","inLanguage":"en-US","@id":"https:\/\/nosalive.go4it.pt\/#\/schema\/logo\/image\/","url":"https:\/\/staging.nosalive.com\/wp-content\/uploads\/2019\/04\/NOSALIVE_Logo_2019_Black_small.png","contentUrl":"https:\/\/staging.nosalive.com\/wp-content\/uploads\/2019\/04\/NOSALIVE_Logo_2019_Black_small.png","width":300,"height":297,"caption":"NOS Alive"},"image":{"@id":"https:\/\/nosalive.go4it.pt\/#\/schema\/logo\/image\/"},"sameAs":["https:\/\/www.facebook.com\/NOSalivePortugal","https:\/\/x.com\/nos_alive","https:\/\/www.instagram.com\/nos_alive\/","https:\/\/www.youtube.com\/user\/optimusaliveofficial"]}]}},"_links":{"self":[{"href":"https:\/\/nosalive.go4it.pt\/en\/wp-json\/wp\/v2\/pages\/113466","targetHints":{"allow":["GET"]}}],"collection":[{"href":"https:\/\/nosalive.go4it.pt\/en\/wp-json\/wp\/v2\/pages"}],"about":[{"href":"https:\/\/nosalive.go4it.pt\/en\/wp-json\/wp\/v2\/types\/page"}],"author":[{"embeddable":true,"href":"https:\/\/nosalive.go4it.pt\/en\/wp-json\/wp\/v2\/users\/1"}],"replies":[{"embeddable":true,"href":"https:\/\/nosalive.go4it.pt\/en\/wp-json\/wp\/v2\/comments?post=113466"}],"version-history":[{"count":0,"href":"https:\/\/nosalive.go4it.pt\/en\/wp-json\/wp\/v2\/pages\/113466\/revisions"}],"wp:attachment":[{"href":"https:\/\/nosalive.go4it.pt\/en\/wp-json\/wp\/v2\/media?parent=113466"}],"curies":[{"name":"wp","href":"https:\/\/api.w.org\/{rel}","templated":true}]}}