{"id":113430,"date":"2014-09-15T16:56:07","date_gmt":"2014-09-15T16:56:07","guid":{"rendered":"http:\/\/nosalive.com\/edicoes-anteriores\/"},"modified":"2025-07-21T08:26:05","modified_gmt":"2025-07-21T08:26:05","slug":"previous-editions","status":"publish","type":"page","link":"https:\/\/nosalive.go4it.pt\/en\/previous-editions\/","title":{"rendered":"PREVIOUS EDITIONS"},"content":{"rendered":"<p>[vc_row equal_height=&#8221;&#8221; hide_class=&#8221;wvc-hide-mobile&#8221; background_type=&#8221;image&#8221; background_color=&#8221;custom&#8221; background_img_lazyload=&#8221;1&#8243; shift_y=&#8221;0&#8243; z_index=&#8221;0&#8243; background_custom_color=&#8221;#eb84cd&#8221;][vc_column][vc_empty_space height=&#8221;35px&#8221;][vc_row_inner el_class=&#8221;edicoesposters&#8221;][vc_column_inner width=&#8221;1\/5&#8243;][vc_single_image image=&#8221;141054&#8243; img_size=&#8221;full&#8221; full_width=&#8221;&#8221; onclick=&#8221;custom_link&#8221; overlay_opacity=&#8221;100&#8243; overlay_text_color=&#8221;white&#8221; title_font_size=&#8221;24&#8243; opacity=&#8221;100&#8243; animated_svg=&#8221;1&#8243; add_overlay=&#8221;true&#8221; link=&#8221;url:https%3A%2F%2Fstaging.nosalive.com%2Fnos-alive25%2F|title:NOS%20ALIVE%E2%80%9925||&#8221;][\/vc_column_inner][vc_column_inner width=&#8221;1\/5&#8243;][vc_single_image image=&#8221;138186&#8243; img_size=&#8221;full&#8221; full_width=&#8221;&#8221; onclick=&#8221;custom_link&#8221; overlay_opacity=&#8221;100&#8243; overlay_text_color=&#8221;white&#8221; title_font_size=&#8221;24&#8243; opacity=&#8221;100&#8243; animated_svg=&#8221;1&#8243; add_overlay=&#8221;true&#8221; link=&#8221;url:https%3A%2F%2Fstaging.nosalive.com%2Fnos-alive24%2F|title:NOS%20ALIVE%E2%80%9924||&#8221;][\/vc_column_inner][vc_column_inner width=&#8221;1\/5&#8243;][vc_single_image image=&#8221;135723&#8243; img_size=&#8221;full&#8221; full_width=&#8221;&#8221; onclick=&#8221;custom_link&#8221; overlay_opacity=&#8221;100&#8243; overlay_text_color=&#8221;white&#8221; title_font_size=&#8221;24&#8243; opacity=&#8221;100&#8243; animated_svg=&#8221;1&#8243; add_overlay=&#8221;true&#8221; link=&#8221;url:https%3A%2F%2Fstaging.nosalive.com%2Fedicao-2023%2F|title:NOS%20ALIVE%E2%80%9922||&#8221;][\/vc_column_inner][vc_column_inner width=&#8221;1\/5&#8243;][vc_single_image image=&#8221;133693&#8243; img_size=&#8221;full&#8221; full_width=&#8221;&#8221; onclick=&#8221;custom_link&#8221; overlay_opacity=&#8221;100&#8243; overlay_text_color=&#8221;white&#8221; title_font_size=&#8221;24&#8243; opacity=&#8221;100&#8243; animated_svg=&#8221;1&#8243; add_overlay=&#8221;true&#8221; link=&#8221;url:https%3A%2F%2Fstaging.nosalive.com%2Fedicao-2022%2F|title:NOS%20ALIVE%E2%80%9922||&#8221;][\/vc_column_inner][vc_column_inner width=&#8221;1\/5&#8243;][vc_single_image image=&#8221;128799&#8243; img_size=&#8221;full&#8221; full_width=&#8221;&#8221; onclick=&#8221;custom_link&#8221; overlay_opacity=&#8221;100&#8243; overlay_text_color=&#8221;white&#8221; title_font_size=&#8221;24&#8243; opacity=&#8221;100&#8243; animated_svg=&#8221;1&#8243; add_overlay=&#8221;true&#8221; link=&#8221;url:https%3A%2F%2Fstaging.nosalive.com%2Fedicao-2019%2F|title:NOS%20ALIVE%E2%80%9919||&#8221;][\/vc_column_inner][\/vc_row_inner][vc_row_inner el_class=&#8221;edicoesposters&#8221;][vc_column_inner width=&#8221;1\/5&#8243;][vc_single_image image=&#8221;110999&#8243; img_size=&#8221;full&#8221; full_width=&#8221;&#8221; onclick=&#8221;custom_link&#8221; overlay_opacity=&#8221;100&#8243; overlay_text_color=&#8221;white&#8221; title_font_size=&#8221;24&#8243; opacity=&#8221;100&#8243; animated_svg=&#8221;1&#8243; add_overlay=&#8221;true&#8221; link=&#8221;url:http%3A%2F%2Fnosalive.com%2Fedicao-2018%2F|title:NOS%20ALIVE%E2%80%9918||&#8221;][\/vc_column_inner][vc_column_inner width=&#8221;1\/5&#8243;][vc_single_image image=&#8221;110986&#8243; img_size=&#8221;full&#8221; full_width=&#8221;&#8221; onclick=&#8221;custom_link&#8221; overlay_opacity=&#8221;100&#8243; overlay_text_color=&#8221;white&#8221; title_font_size=&#8221;24&#8243; opacity=&#8221;100&#8243; animated_svg=&#8221;1&#8243; add_overlay=&#8221;true&#8221; link=&#8221;url:http%3A%2F%2Fnosalive.com%2Fedicao-2017%2F|title:NOS%20ALIVE%E2%80%9917||&#8221;][\/vc_column_inner][vc_column_inner width=&#8221;1\/5&#8243;][vc_single_image image=&#8221;110981&#8243; img_size=&#8221;full&#8221; full_width=&#8221;&#8221; onclick=&#8221;custom_link&#8221; overlay_opacity=&#8221;100&#8243; overlay_text_color=&#8221;white&#8221; title_font_size=&#8221;24&#8243; opacity=&#8221;100&#8243; animated_svg=&#8221;1&#8243; add_overlay=&#8221;true&#8221; link=&#8221;url:http%3A%2F%2Fnosalive.com%2Fedicao-2016%2F|title:NOS%20ALIVE%E2%80%9916||&#8221;][\/vc_column_inner][vc_column_inner width=&#8221;1\/5&#8243;][vc_single_image image=&#8221;110976&#8243; img_size=&#8221;full&#8221; full_width=&#8221;&#8221; onclick=&#8221;custom_link&#8221; overlay_opacity=&#8221;100&#8243; overlay_text_color=&#8221;white&#8221; title_font_size=&#8221;24&#8243; opacity=&#8221;100&#8243; animated_svg=&#8221;1&#8243; add_overlay=&#8221;true&#8221; link=&#8221;url:http%3A%2F%2Fnosalive.com%2Fedicao-2015%2F|title:NOS%20ALIVE%E2%80%9915||&#8221;][\/vc_column_inner][vc_column_inner width=&#8221;1\/5&#8243;][vc_single_image image=&#8221;110971&#8243; img_size=&#8221;full&#8221; full_width=&#8221;&#8221; onclick=&#8221;custom_link&#8221; overlay_opacity=&#8221;100&#8243; overlay_text_color=&#8221;white&#8221; title_font_size=&#8221;24&#8243; opacity=&#8221;100&#8243; animated_svg=&#8221;1&#8243; add_overlay=&#8221;true&#8221; link=&#8221;url:http%3A%2F%2Fnosalive.com%2Fedicao-2014%2F|title:NOS%20ALIVE%E2%80%9914||&#8221;][\/vc_column_inner][\/vc_row_inner][vc_row_inner el_class=&#8221;edicoesposters&#8221;][vc_column_inner width=&#8221;1\/5&#8243;][vc_single_image image=&#8221;110966&#8243; img_size=&#8221;full&#8221; full_width=&#8221;&#8221; onclick=&#8221;custom_link&#8221; overlay_opacity=&#8221;100&#8243; overlay_text_color=&#8221;white&#8221; title_font_size=&#8221;24&#8243; opacity=&#8221;100&#8243; animated_svg=&#8221;1&#8243; add_overlay=&#8221;true&#8221; link=&#8221;url:http%3A%2F%2Fnosalive.com%2Fedicao-2013%2F|title:NOS%20ALIVE%E2%80%9913||&#8221;][\/vc_column_inner][vc_column_inner width=&#8221;1\/5&#8243;][vc_single_image image=&#8221;110961&#8243; img_size=&#8221;full&#8221; full_width=&#8221;&#8221; onclick=&#8221;custom_link&#8221; overlay_opacity=&#8221;100&#8243; overlay_text_color=&#8221;white&#8221; title_font_size=&#8221;24&#8243; opacity=&#8221;100&#8243; animated_svg=&#8221;1&#8243; add_overlay=&#8221;true&#8221; link=&#8221;url:http%3A%2F%2Fnosalive.com%2Fedicao-2012%2F|title:NOS%20ALIVE%E2%80%9912||&#8221;][\/vc_column_inner][vc_column_inner width=&#8221;1\/5&#8243;][vc_single_image image=&#8221;110956&#8243; img_size=&#8221;full&#8221; full_width=&#8221;&#8221; onclick=&#8221;custom_link&#8221; overlay_opacity=&#8221;100&#8243; overlay_text_color=&#8221;white&#8221; title_font_size=&#8221;24&#8243; opacity=&#8221;100&#8243; animated_svg=&#8221;1&#8243; add_overlay=&#8221;true&#8221; link=&#8221;url:http%3A%2F%2Fnosalive.com%2Fedicao-2011%2F|title:NOS%20ALIVE%E2%80%9911||&#8221;][\/vc_column_inner][vc_column_inner width=&#8221;1\/5&#8243;][vc_single_image image=&#8221;110951&#8243; img_size=&#8221;full&#8221; full_width=&#8221;&#8221; onclick=&#8221;custom_link&#8221; overlay_opacity=&#8221;100&#8243; overlay_text_color=&#8221;white&#8221; title_font_size=&#8221;24&#8243; opacity=&#8221;100&#8243; animated_svg=&#8221;1&#8243; add_overlay=&#8221;true&#8221; link=&#8221;url:http%3A%2F%2Fnosalive.com%2Fedicao-2010%2F|title:NOS%20ALIVE%E2%80%9910||&#8221;][\/vc_column_inner][vc_column_inner width=&#8221;1\/5&#8243;][vc_single_image image=&#8221;110946&#8243; img_size=&#8221;full&#8221; full_width=&#8221;&#8221; onclick=&#8221;custom_link&#8221; overlay_opacity=&#8221;100&#8243; overlay_text_color=&#8221;white&#8221; title_font_size=&#8221;24&#8243; opacity=&#8221;100&#8243; animated_svg=&#8221;1&#8243; add_overlay=&#8221;true&#8221; link=&#8221;url:http%3A%2F%2Fnosalive.com%2Fedicao-2009%2F|title:NOS%20ALIVE%E2%80%9909||&#8221;][\/vc_column_inner][\/vc_row_inner][vc_row_inner el_class=&#8221;edicoesposters&#8221;][vc_column_inner width=&#8221;1\/5&#8243;][vc_single_image image=&#8221;110941&#8243; img_size=&#8221;full&#8221; full_width=&#8221;&#8221; onclick=&#8221;custom_link&#8221; overlay_opacity=&#8221;100&#8243; overlay_text_color=&#8221;white&#8221; title_font_size=&#8221;24&#8243; opacity=&#8221;100&#8243; animated_svg=&#8221;1&#8243; add_overlay=&#8221;true&#8221; link=&#8221;url:http%3A%2F%2Fnosalive.com%2Fedicao-2008%2F|title:NOS%20ALIVE%E2%80%9908||&#8221;][\/vc_column_inner][vc_column_inner width=&#8221;1\/5&#8243;][vc_single_image image=&#8221;110936&#8243; img_size=&#8221;full&#8221; full_width=&#8221;&#8221; onclick=&#8221;custom_link&#8221; overlay_opacity=&#8221;100&#8243; overlay_text_color=&#8221;white&#8221; title_font_size=&#8221;24&#8243; opacity=&#8221;100&#8243; animated_svg=&#8221;1&#8243; add_overlay=&#8221;true&#8221; link=&#8221;url:http%3A%2F%2Fnosalive.com%2Fedicao-2007%2F|title:NOS%20ALIVE%E2%80%9907||&#8221;][\/vc_column_inner][vc_column_inner width=&#8221;1\/5&#8243;][\/vc_column_inner][vc_column_inner width=&#8221;1\/5&#8243;][\/vc_column_inner][vc_column_inner width=&#8221;1\/5&#8243;][\/vc_column_inner][\/vc_row_inner][\/vc_column][\/vc_row][vc_row equal_height=&#8221;&#8221; hide_class=&#8221;wvc-show-mobile&#8221; shift_y=&#8221;0&#8243; z_index=&#8221;0&#8243;][vc_column][vc_empty_space height=&#8221;35px&#8221;][vc_gallery img_size=&#8221;full&#8221; slides_per_view=&#8221;4&#8243; hover_effect=&#8221;up&#8221; add_caption=&#8221;yes&#8221; onclick=&#8221;custom_link&#8221; custom_links=&#8221;#E-8_alglQUYlN0JuJTNGJUZEJUU3YnElQUE2JUQzbSVGRiVGRCVFN2JxJUFBNiVEM20lQkYlRkQlRTdicSVBQTYlRDNfJTdGJUZEJUU3YnElQUE2JUQzXyUzRiVGRCVFN2JxJUFBNiVEMyU1RSVGRiVGRCVFN2JxJUFBNiVEMyU1RSVCRiVGRCVFN2JxJUFBNiVEMyU1RSU3RiVGRCVFN2JxJUFBNiVEMyU1RSUzRiVGRCVFN2JxJUFBNiVEMyU1RCVGRiVGRCVFN2JxJUFBNiVEMyU1RCVCRiVGRCVFN2JxJUFBNiVEMyU1RCU3RiVGRCVFN2JxJUFBNiVEMyU1RCUzRiVGRCVFN2JxJUFBNiVEM08lN0YlRkQlRTdicSVBQTYlRDNPJTNGJUZEJUU3YnElQUE2JUQzTiVGRg==&#8221; images=&#8221;138186,135723,133693,128799,110999,110986,110981,110976,110971,110966,110961,110956,110951,110946,110941,110936&#8243;][\/vc_column][\/vc_row]<\/p>\n","protected":false},"excerpt":{"rendered":"<p>[vc_row equal_height=&#8221;&#8221; hide_class=&#8221;wvc-hide-mobile&#8221; background_type=&#8221;image&#8221; background_color=&#8221;custom&#8221; background_img_lazyload=&#8221;1&#8243; shift_y=&#8221;0&#8243; z_index=&#8221;0&#8243; background_custom_color=&#8221;#eb84cd&#8221;][vc_column][vc_empty_space height=&#8221;35px&#8221;][vc_row_inner el_class=&#8221;edicoesposters&#8221;][vc_column_inner width=&#8221;1\/5&#8243;][vc_single_image image=&#8221;141054&#8243; img_size=&#8221;full&#8221; full_width=&#8221;&#8221; onclick=&#8221;custom_link&#8221; overlay_opacity=&#8221;100&#8243; overlay_text_color=&#8221;white&#8221; title_font_size=&#8221;24&#8243; opacity=&#8221;100&#8243; animated_svg=&#8221;1&#8243; add_overlay=&#8221;true&#8221; link=&#8221;url:https%3A%2F%2Fstaging.nosalive.com%2Fnos-alive25%2F|title:NOS%20ALIVE%E2%80%9925||&#8221;][\/vc_column_inner][vc_column_inner width=&#8221;1\/5&#8243;][vc_single_image image=&#8221;138186&#8243; img_size=&#8221;full&#8221; full_width=&#8221;&#8221; onclick=&#8221;custom_link&#8221; overlay_opacity=&#8221;100&#8243; overlay_text_color=&#8221;white&#8221; title_font_size=&#8221;24&#8243; opacity=&#8221;100&#8243; animated_svg=&#8221;1&#8243; add_overlay=&#8221;true&#8221; link=&#8221;url:https%3A%2F%2Fstaging.nosalive.com%2Fnos-alive24%2F|title:NOS%20ALIVE%E2%80%9924||&#8221;][\/vc_column_inner][vc_column_inner width=&#8221;1\/5&#8243;][vc_single_image image=&#8221;135723&#8243; img_size=&#8221;full&#8221; full_width=&#8221;&#8221; onclick=&#8221;custom_link&#8221; overlay_opacity=&#8221;100&#8243; overlay_text_color=&#8221;white&#8221; title_font_size=&#8221;24&#8243; opacity=&#8221;100&#8243; animated_svg=&#8221;1&#8243; add_overlay=&#8221;true&#8221; link=&#8221;url:https%3A%2F%2Fstaging.nosalive.com%2Fedicao-2023%2F|title:NOS%20ALIVE%E2%80%9922||&#8221;][\/vc_column_inner][vc_column_inner width=&#8221;1\/5&#8243;][vc_single_image image=&#8221;133693&#8243; img_size=&#8221;full&#8221; full_width=&#8221;&#8221; onclick=&#8221;custom_link&#8221; overlay_opacity=&#8221;100&#8243; overlay_text_color=&#8221;white&#8221; title_font_size=&#8221;24&#8243;&#8230;<\/p>\n<p><a rel=\"bookmark\" class=\"hyperbent-button-simple wvc-button wvc-button-size-xs\" href=\"https:\/\/nosalive.go4it.pt\/en\/previous-editions\/\"><span>Continue reading<\/span><\/a><\/p>\n","protected":false},"author":1,"featured_media":0,"parent":0,"menu_order":0,"comment_status":"closed","ping_status":"closed","template":"","meta":{"_acf_changed":false,"footnotes":""},"class_list":{"0":"post-113430","1":"page","2":"type-page","3":"status-publish","4":"hentry","5":"entry","6":"clearfix","7":"entry-grid","8":"entry-columns-default","9":"entry-page-module-layout-standard","10":"no-post-thumbnail","11":"entry-page","13":"entry-page-grid"},"acf":[],"yoast_head":"<!-- This site is optimized with the Yoast SEO plugin v27.1.1 - https:\/\/yoast.com\/product\/yoast-seo-wordpress\/ -->\n<title>NOS Alive | Edi\u00e7\u00f5es anteriores do Festival de M\u00fasica<\/title>\n<meta name=\"description\" content=\"Veja os cartazes das edi\u00e7\u00f5es anteriores do festival NOS ALIVE desde o seu inicio com o nome de Optimus ALIVE at\u00e9 \u00e0 data.\" \/>\n<meta name=\"robots\" content=\"noindex, follow, max-snippet:-1, max-image-preview:large, max-video-preview:-1\" \/>\n<meta property=\"og:locale\" content=\"en_US\" \/>\n<meta property=\"og:type\" content=\"article\" \/>\n<meta property=\"og:title\" content=\"NOS Alive | Edi\u00e7\u00f5es anteriores do Festival de M\u00fasica\" \/>\n<meta property=\"og:description\" content=\"Veja os cartazes das edi\u00e7\u00f5es anteriores do festival NOS ALIVE desde o seu inicio com o nome de Optimus ALIVE at\u00e9 \u00e0 data.\" \/>\n<meta property=\"og:url\" content=\"https:\/\/nosalive.go4it.pt\/en\/previous-editions\/\" \/>\n<meta property=\"og:site_name\" content=\"NOS Alive Festival\" \/>\n<meta property=\"article:publisher\" content=\"https:\/\/www.facebook.com\/NOSalivePortugal\" \/>\n<meta property=\"article:modified_time\" content=\"2025-07-21T08:26:05+00:00\" \/>\n<meta name=\"twitter:card\" content=\"summary_large_image\" \/>\n<meta name=\"twitter:site\" content=\"@nos_alive\" \/>\n<script type=\"application\/ld+json\" class=\"yoast-schema-graph\">{\"@context\":\"https:\/\/schema.org\",\"@graph\":[{\"@type\":\"WebPage\",\"@id\":\"https:\/\/nosalive.go4it.pt\/en\/previous-editions\/\",\"url\":\"https:\/\/nosalive.go4it.pt\/en\/previous-editions\/\",\"name\":\"NOS Alive | Edi\u00e7\u00f5es anteriores do Festival de M\u00fasica\",\"isPartOf\":{\"@id\":\"https:\/\/nosalive.go4it.pt\/#website\"},\"datePublished\":\"2014-09-15T16:56:07+00:00\",\"dateModified\":\"2025-07-21T08:26:05+00:00\",\"description\":\"Veja os cartazes das edi\u00e7\u00f5es anteriores do festival NOS ALIVE desde o seu inicio com o nome de Optimus ALIVE at\u00e9 \u00e0 data.\",\"breadcrumb\":{\"@id\":\"https:\/\/nosalive.go4it.pt\/en\/previous-editions\/#breadcrumb\"},\"inLanguage\":\"en-US\",\"potentialAction\":[{\"@type\":\"ReadAction\",\"target\":[\"https:\/\/nosalive.go4it.pt\/en\/previous-editions\/\"]}]},{\"@type\":\"BreadcrumbList\",\"@id\":\"https:\/\/nosalive.go4it.pt\/en\/previous-editions\/#breadcrumb\",\"itemListElement\":[{\"@type\":\"ListItem\",\"position\":1,\"name\":\"In\u00edcio\",\"item\":\"https:\/\/nosalive.go4it.pt\/en\/\"},{\"@type\":\"ListItem\",\"position\":2,\"name\":\"PREVIOUS EDITIONS\"}]},{\"@type\":\"WebSite\",\"@id\":\"https:\/\/nosalive.go4it.pt\/#website\",\"url\":\"https:\/\/nosalive.go4it.pt\/\",\"name\":\"NOS Alive Festival\",\"description\":\"O melhor cartaz, sempre!\",\"publisher\":{\"@id\":\"https:\/\/nosalive.go4it.pt\/#organization\"},\"potentialAction\":[{\"@type\":\"SearchAction\",\"target\":{\"@type\":\"EntryPoint\",\"urlTemplate\":\"https:\/\/nosalive.go4it.pt\/?s={search_term_string}\"},\"query-input\":{\"@type\":\"PropertyValueSpecification\",\"valueRequired\":true,\"valueName\":\"search_term_string\"}}],\"inLanguage\":\"en-US\"},{\"@type\":\"Organization\",\"@id\":\"https:\/\/nosalive.go4it.pt\/#organization\",\"name\":\"NOS Alive\",\"url\":\"https:\/\/nosalive.go4it.pt\/\",\"logo\":{\"@type\":\"ImageObject\",\"inLanguage\":\"en-US\",\"@id\":\"https:\/\/nosalive.go4it.pt\/#\/schema\/logo\/image\/\",\"url\":\"https:\/\/staging.nosalive.com\/wp-content\/uploads\/2019\/04\/NOSALIVE_Logo_2019_Black_small.png\",\"contentUrl\":\"https:\/\/staging.nosalive.com\/wp-content\/uploads\/2019\/04\/NOSALIVE_Logo_2019_Black_small.png\",\"width\":300,\"height\":297,\"caption\":\"NOS Alive\"},\"image\":{\"@id\":\"https:\/\/nosalive.go4it.pt\/#\/schema\/logo\/image\/\"},\"sameAs\":[\"https:\/\/www.facebook.com\/NOSalivePortugal\",\"https:\/\/x.com\/nos_alive\",\"https:\/\/www.instagram.com\/nos_alive\/\",\"https:\/\/www.youtube.com\/user\/optimusaliveofficial\"]}]}<\/script>\n<!-- \/ Yoast SEO plugin. -->","yoast_head_json":{"title":"NOS Alive | Edi\u00e7\u00f5es anteriores do Festival de M\u00fasica","description":"Veja os cartazes das edi\u00e7\u00f5es anteriores do festival NOS ALIVE desde o seu inicio com o nome de Optimus ALIVE at\u00e9 \u00e0 data.","robots":{"index":"noindex","follow":"follow","max-snippet":"max-snippet:-1","max-image-preview":"max-image-preview:large","max-video-preview":"max-video-preview:-1"},"og_locale":"en_US","og_type":"article","og_title":"NOS Alive | Edi\u00e7\u00f5es anteriores do Festival de M\u00fasica","og_description":"Veja os cartazes das edi\u00e7\u00f5es anteriores do festival NOS ALIVE desde o seu inicio com o nome de Optimus ALIVE at\u00e9 \u00e0 data.","og_url":"https:\/\/nosalive.go4it.pt\/en\/previous-editions\/","og_site_name":"NOS Alive Festival","article_publisher":"https:\/\/www.facebook.com\/NOSalivePortugal","article_modified_time":"2025-07-21T08:26:05+00:00","twitter_card":"summary_large_image","twitter_site":"@nos_alive","schema":{"@context":"https:\/\/schema.org","@graph":[{"@type":"WebPage","@id":"https:\/\/nosalive.go4it.pt\/en\/previous-editions\/","url":"https:\/\/nosalive.go4it.pt\/en\/previous-editions\/","name":"NOS Alive | Edi\u00e7\u00f5es anteriores do Festival de M\u00fasica","isPartOf":{"@id":"https:\/\/nosalive.go4it.pt\/#website"},"datePublished":"2014-09-15T16:56:07+00:00","dateModified":"2025-07-21T08:26:05+00:00","description":"Veja os cartazes das edi\u00e7\u00f5es anteriores do festival NOS ALIVE desde o seu inicio com o nome de Optimus ALIVE at\u00e9 \u00e0 data.","breadcrumb":{"@id":"https:\/\/nosalive.go4it.pt\/en\/previous-editions\/#breadcrumb"},"inLanguage":"en-US","potentialAction":[{"@type":"ReadAction","target":["https:\/\/nosalive.go4it.pt\/en\/previous-editions\/"]}]},{"@type":"BreadcrumbList","@id":"https:\/\/nosalive.go4it.pt\/en\/previous-editions\/#breadcrumb","itemListElement":[{"@type":"ListItem","position":1,"name":"In\u00edcio","item":"https:\/\/nosalive.go4it.pt\/en\/"},{"@type":"ListItem","position":2,"name":"PREVIOUS EDITIONS"}]},{"@type":"WebSite","@id":"https:\/\/nosalive.go4it.pt\/#website","url":"https:\/\/nosalive.go4it.pt\/","name":"NOS Alive Festival","description":"O melhor cartaz, sempre!","publisher":{"@id":"https:\/\/nosalive.go4it.pt\/#organization"},"potentialAction":[{"@type":"SearchAction","target":{"@type":"EntryPoint","urlTemplate":"https:\/\/nosalive.go4it.pt\/?s={search_term_string}"},"query-input":{"@type":"PropertyValueSpecification","valueRequired":true,"valueName":"search_term_string"}}],"inLanguage":"en-US"},{"@type":"Organization","@id":"https:\/\/nosalive.go4it.pt\/#organization","name":"NOS Alive","url":"https:\/\/nosalive.go4it.pt\/","logo":{"@type":"ImageObject","inLanguage":"en-US","@id":"https:\/\/nosalive.go4it.pt\/#\/schema\/logo\/image\/","url":"https:\/\/staging.nosalive.com\/wp-content\/uploads\/2019\/04\/NOSALIVE_Logo_2019_Black_small.png","contentUrl":"https:\/\/staging.nosalive.com\/wp-content\/uploads\/2019\/04\/NOSALIVE_Logo_2019_Black_small.png","width":300,"height":297,"caption":"NOS Alive"},"image":{"@id":"https:\/\/nosalive.go4it.pt\/#\/schema\/logo\/image\/"},"sameAs":["https:\/\/www.facebook.com\/NOSalivePortugal","https:\/\/x.com\/nos_alive","https:\/\/www.instagram.com\/nos_alive\/","https:\/\/www.youtube.com\/user\/optimusaliveofficial"]}]}},"_links":{"self":[{"href":"https:\/\/nosalive.go4it.pt\/en\/wp-json\/wp\/v2\/pages\/113430","targetHints":{"allow":["GET"]}}],"collection":[{"href":"https:\/\/nosalive.go4it.pt\/en\/wp-json\/wp\/v2\/pages"}],"about":[{"href":"https:\/\/nosalive.go4it.pt\/en\/wp-json\/wp\/v2\/types\/page"}],"author":[{"embeddable":true,"href":"https:\/\/nosalive.go4it.pt\/en\/wp-json\/wp\/v2\/users\/1"}],"replies":[{"embeddable":true,"href":"https:\/\/nosalive.go4it.pt\/en\/wp-json\/wp\/v2\/comments?post=113430"}],"version-history":[{"count":14,"href":"https:\/\/nosalive.go4it.pt\/en\/wp-json\/wp\/v2\/pages\/113430\/revisions"}],"predecessor-version":[{"id":141107,"href":"https:\/\/nosalive.go4it.pt\/en\/wp-json\/wp\/v2\/pages\/113430\/revisions\/141107"}],"wp:attachment":[{"href":"https:\/\/nosalive.go4it.pt\/en\/wp-json\/wp\/v2\/media?parent=113430"}],"curies":[{"name":"wp","href":"https:\/\/api.w.org\/{rel}","templated":true}]}}